{"id":11828,"date":"2022-04-13T20:02:20","date_gmt":"2022-04-13T18:02:20","guid":{"rendered":"https:\/\/jeep-club-zentralschweiz.ch\/?page_id=11828"},"modified":"2025-12-29T15:25:21","modified_gmt":"2025-12-29T14:25:21","slug":"unsere-geschichte","status":"publish","type":"page","link":"https:\/\/jeep-club-zentralschweiz.ch\/?page_id=11828","title":{"rendered":"Unsere Geschichte"},"content":{"rendered":"<p style=\"text-align: left;\">Der JCZ begann, als sich die beiden Mitglieder <b>Erwin Kunz<\/b> und <b>Robert L\u00f6tscher<\/b> im M\u00e4rz 1983 trafen. Robert kaufte im Januar 1983 einen unrestaurierten Willys MB und begann sogleich mit der Restauration. Erwin&nbsp; startete fast gleichzeitig seine Arbeiten an einem Willys CJ-3A. Es war nur eine Frage der Zeit, bis die Beiden im M\u00e4rz begannen, Erfahrungen auszutauschen. Als die Restaurationsarbeiten an den Jeeps beendet waren, kn\u00fcpften die Beiden bei gemeinsamen Ausfahrten Kontakte zu weiteren Jeep-Verr\u00fcckten.<br \/>\nDazu geh\u00f6rte <b>Urs Studer<\/b> und <b>Rolf Brandenberger<\/b>. Gegen Ende der Jeep-Saison 1983 entstand dann die Idee, einen <b>Jeep Club zu gr\u00fcnden<\/b>. Aus historischen Gr\u00fcnden wurde das Restaurant Schlacht Sempach ausgelesen. Der erste offizielle Jeep-H\u00f6ck fand am <b>5. Januar 1984<\/b> statt.<\/p>\n<p style=\"text-align: left;\">Die Teilnehmer waren:&nbsp; &nbsp; &nbsp; &nbsp; &nbsp; &nbsp; &nbsp; &nbsp; &nbsp; &nbsp; &nbsp; &nbsp;<b>&nbsp; &nbsp; &nbsp;&nbsp;<\/b><\/p>\n<table style=\"border-collapse: collapse; width: 91.3222%; height: 231px;\">\n<tbody>\n<tr>\n<td style=\"width: 43.5354%; text-align: center;\"><strong>Kunz Erwin<\/strong><\/td>\n<td style=\"width: 44.2306%; text-align: center;\"><strong>L\u00f6tscher Robert<\/strong><\/td>\n<\/tr>\n<tr>\n<td style=\"width: 43.5354%; text-align: center;\"><strong>Studer Urs&nbsp; <\/strong><\/td>\n<td style=\"width: 44.2306%; text-align: center;\"><strong>Brandenberg Rolf<\/strong><\/td>\n<\/tr>\n<tr>\n<td style=\"width: 43.5354%; text-align: center;\"><strong>Teufer Josef&nbsp;<\/strong><\/td>\n<td style=\"width: 44.2306%; text-align: center;\"><strong>Nussbaumer J\u00f6rg<\/strong><\/td>\n<\/tr>\n<tr>\n<td style=\"width: 43.5354%; text-align: center;\"><strong>Heller Leo&nbsp;&nbsp;&nbsp;&nbsp;<\/strong><\/td>\n<td style=\"width: 44.2306%; text-align: center;\"><strong>Kunz Vreni<\/strong><\/td>\n<\/tr>\n<tr>\n<td style=\"width: 43.5354%; text-align: center;\"><strong>Werder Walter&nbsp;<\/strong><\/td>\n<td style=\"width: 44.2306%; text-align: center;\"><strong>Scherrer Hans<\/strong><\/td>\n<\/tr>\n<tr>\n<td style=\"width: 43.5354%; text-align: center;\"><strong>Egli Hans<\/strong><\/td>\n<td style=\"width: 44.2306%; text-align: center;\">&nbsp;<\/td>\n<\/tr>\n<\/tbody>\n<\/table>\n<p style=\"text-align: left;\">Zu der Zeit war der Jeep Club eine lose Interessensgemeinschaft ohne Statuten und ohne Vorstand.&nbsp; Erwin \u00fcbernahm die administrative Leitung des Jeep Clubs und f\u00fchrte den Club bis 1993. Es wurden auch keine Mitgliederbeitr\u00e4ge eingefordert, grossz\u00fcgigerweise erledigte Erwin die ganze Arbeit auf seine eigene Rechnung. Im September 1984 fand in Sarnen ein ungezwungenes Treffen von Kriegsveteranenfahrzeugen statt. Bei dieser Gelegenheit trafen Robert L\u00f6tscher und Peter Hunkeler die beiden&nbsp; Jeep-Kollegen <b style=\"font-family: arial, helvetica, sans-serif; font-size: 12pt;\">Fred Stalder<\/b> und <b style=\"font-family: arial, helvetica, sans-serif; font-size: 12pt;\">Hans Schweizer<\/b> aus dem Emmental. Aus&nbsp;diesem Treffen entstand eine enge Beziehung zwischen den Zentralschweizer und&nbsp;den Emmentaler Kollegen. Sehr bald traten weitere Kollegen aus dem Emmental wie&nbsp;<b style=\"font-family: arial, helvetica, sans-serif; font-size: 12pt;\">Markus R\u00e4s, Hanspeter Roth und Hanspeter&nbsp;Kaiser<\/b> ebenfalls dem JCZ bei.<\/p>\n<p style=\"text-align: left;\">Jeden ersten Donnerstag im Monat fand der Jeep-H\u00f6ck im Restaurant Schlacht statt und es wurden Ausfahrten organisiert. Wenn das Wochenendwetter es erlaubte, wurde am Vorabend ein Rundtelefon an alle Mitglieder gestartet und man traf sich am n\u00e4chsten Morgen an einem vereinbarten Treffpunkt zu einer gem\u00fctlichen Rundfahrt. Jeweils im Dezember wurde ein Samichlaush\u00f6ck organisiert.<\/p>\n<p style=\"text-align: left;\"><b style=\"font-size: 1rem;\">1987 <\/b>wurde die erste Plakette mit der englischen Bezeichnung <b>\u201eFriends of US Army Jeep Oldies \u2013 Central&nbsp;Switzerland\u201c<\/b>, die bis heute unsere Jeeps ziert, vom Horwer K\u00fcnstler <b>Ernst Olk<\/b> in Zusammenarbeit mit&nbsp;<b>Rolf Brandenberg<\/b> gestaltet.<\/p>\n<p style=\"text-align: left;\"><b style=\"font-size: 1rem;\">1988<\/b> gr\u00fcndeten die Emmentaler, der langen Anfahrt aus dem<b> Emmental<\/b> wegen, ihren eigenen&nbsp;Jeep-Club unter der Leitung von <b>Fred&nbsp;Stalder<\/b>. Seither existieren beide Clubs sozusagen wie zwei Geschwister und pflegen freundschaftliche Verbindungen. Ab <b>1993&nbsp; <\/b>f\u00fchrte <b>Oski Waltert<\/b> als Obmann. Bei dieser Gelegenheit wurde ein Mitgliederbeitrag, oder besser gesagt ein Unkostenbeitrag, eingef\u00fchrt, der gerade reichte, um die Kosten f\u00fcr die Cluborganisation zu decken. Ab <b style=\"font-size: 12pt;\">1996<\/b> fand jeweils im Herbst ein Wettschiessen mit dem <b style=\"font-size: 12pt;\">US-Karabiner Typ M1<\/b> statt. Dieses Gewehr war die Bewaffnung der MB Jeeps im zweiten Weltkrieg und diente dem Fahrer als Selbstverteidigungswaffe. Die MB Jeeps verf\u00fcgen \u00fcber eine Gewehrhalterung f\u00fcr den M1-Karabiner und so besitzen deshalb viele Mitglieder einen M1-Karabiner.&nbsp;<\/p>\n<p style=\"text-align: left;\">Im Jahr <b style=\"font-size: 12pt;\">2000<\/b> erschienen die ersten, von <b style=\"font-size: 12pt;\">Ueli Tribelhorn<\/b> verfassten Tech-Info-Bl\u00e4tter, die in unregelm\u00e4ssigen Abst\u00e4nden erscheinen und den Mitglieder technische Tipps und Hilfestellungen rund um den Jeep geben sollen.<\/p>\n<p style=\"text-align: left;\">Damit der Jeep Club auch an der schweizerischen Oldtimerkultur teilnehmen konnte, wurde <b style=\"font-size: 12pt;\">2010<\/b> aus der losen Gruppe ein <b style=\"font-size: 12pt;\">offizieller&nbsp;Verein<\/b> gegr\u00fcndet. Damit konnte mit einem Vorstand die Verantwortung von nur&nbsp;einem Obmann auf mindestens drei Mitglieder verteilt werden. Erster Pr\u00e4sident&nbsp;war <b style=\"font-size: 12pt;\">Sigi Bitzi<\/b>, Kassierin <b style=\"font-size: 12pt;\">Vreni Kunz<\/b> und Aktuar <b style=\"font-size: 12pt;\">Hannes Tanner<\/b>. <b style=\"font-size: 12pt;\">2011<\/b> \u00fcbernahm <b style=\"font-size: 12pt;\">Mary M\u00fcller&nbsp;<\/b>die Kasse. Von <b style=\"font-size: 12pt;\">2016-2022<\/b> f\u00fchrte <b style=\"font-size: 12pt;\">Andr\u00e9 Stierli<\/b> den Verein. Von&nbsp;<strong>2019-2022<\/strong> erf\u00fcllte&nbsp;<strong>J\u00fcrg Bachmann<\/strong> die Aufgaben des Aktuars.<\/p>\n<p style=\"text-align: left;\">Der aktuelle Vorstand setzt sich wie folgt zusammen:<\/p>\n<ul>\n<li style=\"list-style-type: none;\">\n<ul>\n<li>Pr\u00e4sident:&nbsp;<strong>J\u00fcrg Bachmann&nbsp;<\/strong>(seit 2022)<\/li>\n<li>Aktuarin: <strong>Anna Stierli&nbsp;<\/strong>(seit 2024)<\/li>\n<li style=\"text-align: left;\">Kassier: <b style=\"font-size: 12pt;\">Alois Estermann <\/b>(seit 2016)<\/li>\n<\/ul>\n<\/li>\n<\/ul>\n<p style=\"text-align: left;\">Kurz nach der Vereinsgr\u00fcndung&nbsp;konnte der Jeep Club Zentralschweiz dann auch dem Schweizerischen Oldtimer Dachverband <b style=\"font-size: 12pt;\">SHVF (Swiss Historic Vehicle&nbsp;Federation)<\/b> beitreten. Bemerkenswert ist auch der zunehmende Beitritt von&nbsp;j\u00fcngeren Mitgliedern in den letzten Jahren.<\/p>\n","protected":false},"excerpt":{"rendered":"<p>Der JCZ begann, als sich die beiden Mitglieder Erwin Kunz und Robert L\u00f6tscher im M\u00e4rz 1983 trafen. Robert kaufte im Januar 1983 einen unrestaurierten Willys MB und begann sogleich mit der Restauration. Erwin&nbsp; startete fast gleichzeitig seine Arbeiten an einem Willys CJ-3A. Es war nur eine Frage der Zeit, bis die Beiden im M\u00e4rz begannen, &hellip; <\/p>\n<p class=\"link-more\"><a href=\"https:\/\/jeep-club-zentralschweiz.ch\/?page_id=11828\" class=\"more-link\"><span class=\"screen-reader-text\">\u201eUnsere Geschichte\u201c <\/span>weiterlesen<\/a><\/p>\n","protected":false},"author":8,"featured_media":0,"parent":0,"menu_order":0,"comment_status":"closed","ping_status":"closed","template":"","meta":{"ngg_post_thumbnail":0,"footnotes":""},"class_list":["post-11828","page","type-page","status-publish","hentry"],"_links":{"self":[{"href":"https:\/\/jeep-club-zentralschweiz.ch\/index.php?rest_route=\/wp\/v2\/pages\/11828","targetHints":{"allow":["GET"]}}],"collection":[{"href":"https:\/\/jeep-club-zentralschweiz.ch\/index.php?rest_route=\/wp\/v2\/pages"}],"about":[{"href":"https:\/\/jeep-club-zentralschweiz.ch\/index.php?rest_route=\/wp\/v2\/types\/page"}],"author":[{"embeddable":true,"href":"https:\/\/jeep-club-zentralschweiz.ch\/index.php?rest_route=\/wp\/v2\/users\/8"}],"replies":[{"embeddable":true,"href":"https:\/\/jeep-club-zentralschweiz.ch\/index.php?rest_route=%2Fwp%2Fv2%2Fcomments&post=11828"}],"version-history":[{"count":3,"href":"https:\/\/jeep-club-zentralschweiz.ch\/index.php?rest_route=\/wp\/v2\/pages\/11828\/revisions"}],"predecessor-version":[{"id":12887,"href":"https:\/\/jeep-club-zentralschweiz.ch\/index.php?rest_route=\/wp\/v2\/pages\/11828\/revisions\/12887"}],"wp:attachment":[{"href":"https:\/\/jeep-club-zentralschweiz.ch\/index.php?rest_route=%2Fwp%2Fv2%2Fmedia&parent=11828"}],"curies":[{"name":"wp","href":"https:\/\/api.w.org\/{rel}","templated":true}]}}