{"id":1741,"date":"2019-02-13T19:05:58","date_gmt":"2019-02-13T18:05:58","guid":{"rendered":"http:\/\/www.jcz.stillgame.ch\/jcz\/?page_id=1741"},"modified":"2022-04-30T15:46:57","modified_gmt":"2022-04-30T13:46:57","slug":"der-jeep-club","status":"publish","type":"page","link":"https:\/\/jeep-club-zentralschweiz.ch\/","title":{"rendered":"Der Jeep Club Zentralschweiz"},"content":{"rendered":"<div style=\"width: 525px;\" class=\"wp-video\"><video class=\"wp-video-shortcode\" id=\"video-1741-1\" width=\"525\" height=\"295\" preload=\"metadata\" controls=\"controls\"><source type=\"video\/mp4\" src=\"https:\/\/jeep-club-zentralschweiz.ch\/wp-content\/uploads\/2021\/01\/Jeep-Club-Zentralschweiz-mpeg.mp4?_=1\" \/><a href=\"https:\/\/jeep-club-zentralschweiz.ch\/wp-content\/uploads\/2021\/01\/Jeep-Club-Zentralschweiz-mpeg.mp4\">https:\/\/jeep-club-zentralschweiz.ch\/wp-content\/uploads\/2021\/01\/Jeep-Club-Zentralschweiz-mpeg.mp4<\/a><\/video><\/div>\n<p style=\"text-align: left;\"><b>Ziel und Zweck<\/b><\/p>\n<p style=\"text-align: left;\">Unter dem Namen \u201eJeep Club Zentralschweiz\u201c besteht ein Verein gem\u00e4ss Art. 60ff. ZGB. Der Verein f\u00f6rdert den Erhalt und die Pflege vom historisch wertvollen Kulturgut aller Gel\u00e4nde\u00adfahrzeuge der Marken Willys, Ford und Kaiser Jeep, die in einer Armee gefahren sind und auch deren Zivilversionen. Sehr wichtig sind auch die Pflege der Kameradschaft und der Erfahrungsaustausch beim Unterhalt der Fahrzeuge und der Ersatzteilbeschaffung.<\/p>\n<p style=\"text-align: left;\"><b style=\"font-size: 1rem;\">Organisation und Mitgliedschaft<\/b><\/p>\n<p style=\"text-align: left;\">Das entscheidende Organ vom <b>Jeep Club Zentralschweiz (JCZ)<\/b> ist die <b>General\u00adversammlung<\/b>, die jeweils im M\u00e4rz stattfindet.<b><\/b><\/p>\n<p style=\"text-align: left;\">Der JCZ wird von einem dreik\u00f6pfigen <b style=\"font-size: 12pt;\">Vorstand<\/b> gef\u00fchrt: Pr\u00e4sident, Kassier und Aktuar.<\/p>\n<p style=\"text-align: left;\">Die <b style=\"font-size: 12pt;\">Kontrollstelle<\/b> wird durch zwei Mitglieder sichergestellt, die j\u00e4hrlich die Rechnung und das Inventar pr\u00fcfen und zu Handen der Generalversammlung einen Bericht erstellen.<\/p>\n<p style=\"text-align: left;\"><b style=\"font-size: 1rem;\">Funktion\u00e4re<\/b> k\u00f6nnen f\u00fcr bestimmte Anl\u00e4sse oder Aufgaben bestimmt werden.<\/p>\n<p style=\"text-align: left;\"><b style=\"font-size: 1rem;\">Aktivmitglied<\/b> kann werden, wer einen entsprechenden Jeep bereits besitzt oder die Absicht zeigt, ein solches Fahrzeug in absehbarer Zeit zu erwerben.<\/p>\n<p style=\"text-align: left;\"><b style=\"font-size: 1rem;\">Passivmitglieder<\/b> k\u00f6nnen Interessenten ohne Fahrzeug werden. Beide Mitgliederarten haben beim JCZ das Stimmrecht.<\/p>\n<p style=\"text-align: left;\">Der <b>Mitgliederbeitrag<\/b> ist zurzeit 30 Franken f\u00fcr Aktivmitglieder und 20&nbsp;Franken f\u00fcr Passivmitglieder. Die <b>Mitgliederzahl&nbsp;<\/b>hat sich in den letzten Jahren bei etwa <b>120&nbsp;<\/b>Mitgliedern eingependelt.<\/p>\n<p style=\"text-align: left;\">Der Jeep Club &nbsp;Zentralschweiz betreibt unter <b>www.jeep-club-zentralschweiz.ch&nbsp;<\/b>eine eigene Internetseite.<\/p>\n","protected":false},"excerpt":{"rendered":"<p>https:\/\/jeep-club-zentralschweiz.ch\/wp-content\/uploads\/2021\/01\/Jeep-Club-Zentralschweiz-mpeg.mp4 Ziel und Zweck Unter dem Namen \u201eJeep Club Zentralschweiz\u201c besteht ein Verein gem\u00e4ss Art. 60ff. ZGB. Der Verein f\u00f6rdert den Erhalt und die Pflege vom historisch wertvollen Kulturgut aller Gel\u00e4nde\u00adfahrzeuge der Marken Willys, Ford und Kaiser Jeep, die in einer Armee gefahren sind und auch deren Zivilversionen. Sehr wichtig sind auch die Pflege der &hellip; <\/p>\n<p class=\"link-more\"><a href=\"https:\/\/jeep-club-zentralschweiz.ch\/\" class=\"more-link\"><span class=\"screen-reader-text\">\u201eDer Jeep Club Zentralschweiz\u201c <\/span>weiterlesen<\/a><\/p>\n","protected":false},"author":6,"featured_media":0,"parent":1377,"menu_order":0,"comment_status":"closed","ping_status":"closed","template":"","meta":{"ngg_post_thumbnail":0,"footnotes":""},"class_list":["post-1741","page","type-page","status-publish","hentry"],"_links":{"self":[{"href":"https:\/\/jeep-club-zentralschweiz.ch\/index.php?rest_route=\/wp\/v2\/pages\/1741","targetHints":{"allow":["GET"]}}],"collection":[{"href":"https:\/\/jeep-club-zentralschweiz.ch\/index.php?rest_route=\/wp\/v2\/pages"}],"about":[{"href":"https:\/\/jeep-club-zentralschweiz.ch\/index.php?rest_route=\/wp\/v2\/types\/page"}],"author":[{"embeddable":true,"href":"https:\/\/jeep-club-zentralschweiz.ch\/index.php?rest_route=\/wp\/v2\/users\/6"}],"replies":[{"embeddable":true,"href":"https:\/\/jeep-club-zentralschweiz.ch\/index.php?rest_route=%2Fwp%2Fv2%2Fcomments&post=1741"}],"version-history":[{"count":40,"href":"https:\/\/jeep-club-zentralschweiz.ch\/index.php?rest_route=\/wp\/v2\/pages\/1741\/revisions"}],"predecessor-version":[{"id":11919,"href":"https:\/\/jeep-club-zentralschweiz.ch\/index.php?rest_route=\/wp\/v2\/pages\/1741\/revisions\/11919"}],"up":[{"embeddable":true,"href":"https:\/\/jeep-club-zentralschweiz.ch\/index.php?rest_route=\/wp\/v2\/pages\/1377"}],"wp:attachment":[{"href":"https:\/\/jeep-club-zentralschweiz.ch\/index.php?rest_route=%2Fwp%2Fv2%2Fmedia&parent=1741"}],"curies":[{"name":"wp","href":"https:\/\/api.w.org\/{rel}","templated":true}]}}